{"id":69,"date":"2019-08-09T09:01:29","date_gmt":"2019-08-09T09:01:29","guid":{"rendered":"http:\/\/pamelarachel-violine.de\/?page_id=69"},"modified":"2020-08-07T13:43:08","modified_gmt":"2020-08-07T13:43:08","slug":"angebot","status":"publish","type":"page","link":"https:\/\/pamelarachel-violine.de\/?page_id=69","title":{"rendered":"Angebot"},"content":{"rendered":"<div class=\"wpb-content-wrapper\"><p>[vc_row bg_type=&#8220;bg_color&#8220;][vc_column width=&#8220;1\/2&#8243;][vc_single_image image=&#8220;121&#8243; img_size=&#8220;large&#8220;][\/vc_column][vc_column width=&#8220;1\/2&#8243;][vc_custom_heading text=&#8220;Angebot&#8220; font_container=&#8220;tag:h2|text_align:left|color:%23ff5323&#8243;][vc_column_text]Sie suchen eine individuelle musikalische Gestaltung f\u00fcr Ihre Feier? Dann sind Sie hier goldrichtig! Mit der passenden Musik k\u00f6nnen Sie die von Ihnen geplante Veranstaltung zu etwas ganz Besonderem machen.<br \/>\nMein breitgef\u00e4chertes Repertoire umfasst Musik aus den Bereichen Rock\/ Pop, Film, Musical, Tango und nat\u00fcrlich Klassik in verschiedenen musikalischen Formationen. So kann auf Ihrem Event die passende Musik eine beschwingte oder festliche Atmosph\u00e4re zaubern, berauschende Highlights setzen und ber\u00fchrende Momente noch tiefer wirken lassen.<\/p>\n<p><strong>Als Violinistin k\u00f6nnen Sie mich z.B. buchen f\u00fcr:<\/strong><\/p>\n<ul>\n<li>Ihre romantischen Liedw\u00fcnsche zur Hochzeit<\/li>\n<li>stilvolle Hintergrundmusik zum Dinner<\/li>\n<li>eine ungew\u00f6hnliche Showeinlage beim Firmenevent<\/li>\n<li>als \u00dcberraschung zur Geburtstagsfeier<\/li>\n<li>lockere Unterhaltungsmusik beim Sektempfang<\/li>\n<li>tr\u00f6stende Musik zur Trauerfeier<\/li>\n<li>ein abendf\u00fcllendes klassisches Konzertprogramm<\/li>\n<li>frech- charmant moderierte Musik zur Unterhaltung<\/li>\n<li>Walking Act zum Flying Buffet<\/li>\n<\/ul>\n<p><strong>M\u00f6gliche musikalische Besetzungen:<\/strong><\/p>\n<ul>\n<li><strong>Violine Solo<\/strong> \u2013 mit Halbplayback im Hintergrund m\u00f6glich<\/li>\n<li><a href=\"http:\/\/pamelarachel-violine.de\/wp-content\/uploads\/2020\/08\/Duo-Spazzino_300dpi.jpg\" target=\"_blank\" rel=\"noopener noreferrer\"><strong>Duo\u00a0Spazzino<\/strong><\/a> \u2013 Violine und Gitarre<\/li>\n<li><strong>Duo Sinvino<\/strong>\u00a0\u2013 Violine mit Cello oder Klavier<\/li>\n<li><a href=\"https:\/\/www.youtube.com\/watch?v=qajiROEN2Lg\" target=\"_blank\" rel=\"noopener noreferrer\"><strong>Trio Amelia<\/strong><\/a> \u2013 Violine, Viola, Cello<\/li>\n<li><a href=\"http:\/\/pamelarachel-violine.de\/wp-content\/uploads\/2020\/08\/Duo-Sinvino__300dpi.jpg\" target=\"_blank\" rel=\"noopener noreferrer\"><strong>Trio Sinvino<\/strong><\/a> \u2013 Violine, Cello, Klavier<\/li>\n<li><strong>Amelia- Quartett\u00a0 \u2013 <\/strong>Streichquartett<\/li>\n<\/ul>\n<p><strong>Nach r\u00e4umlichen Gegebenheiten spielen wir mit oder ohne Verst\u00e4rkung.<\/strong><\/p>\n<p>Nehmen Sie ganz einfach unverbindlich Kontakt mit mir auf unter <a href=\"mailto:&quot;rachelpamela@web.de&quot;\">E-Mail<\/a> oder 0177\/4654163. Ich freue mich darauf, Sie pers\u00f6nlich zu beraten.[\/vc_column_text][\/vc_column][\/vc_row]<\/p>\n<\/div>","protected":false},"excerpt":{"rendered":"<p>[vc_row bg_type=&#8220;bg_color&#8220;][vc_column width=&#8220;1\/2&#8243;][vc_single_image image=&#8220;121&#8243; img_size=&#8220;large&#8220;][\/vc_column][vc_column width=&#8220;1\/2&#8243;][vc_custom_heading text=&#8220;Angebot&#8220; font_container=&#8220;tag:h2|text_align:left|color:%23ff5323&#8243;][vc_column_text]Sie suchen eine individuelle musikalische Gestaltung f\u00fcr Ihre Feier? Dann sind Sie hier goldrichtig! Mit der passenden Musik k\u00f6nnen Sie die von Ihnen geplante Veranstaltung zu etwas ganz Besonderem machen. Mein breitgef\u00e4chertes Repertoire umfasst Musik aus den Bereichen Rock\/ Pop, Film, Musical, Tango und nat\u00fcrlich Klassik in verschiedenen&hellip;<\/p>\n","protected":false},"author":1,"featured_media":0,"parent":0,"menu_order":0,"comment_status":"closed","ping_status":"closed","template":"","meta":{"footnotes":""},"class_list":["post-69","page","type-page","status-publish","hentry","description-off"],"yoast_head":"<!-- This site is optimized with the Yoast SEO plugin v27.4 - https:\/\/yoast.com\/product\/yoast-seo-wordpress\/ -->\n<title>Angebot - Pamela Rachel Violine<\/title>\n<meta name=\"robots\" content=\"index, follow, max-snippet:-1, max-image-preview:large, max-video-preview:-1\" \/>\n<link rel=\"canonical\" href=\"https:\/\/pamelarachel-violine.de\/?page_id=69\" \/>\n<meta property=\"og:locale\" content=\"de_DE\" \/>\n<meta property=\"og:type\" content=\"article\" \/>\n<meta property=\"og:title\" content=\"Angebot - Pamela Rachel Violine\" \/>\n<meta property=\"og:description\" content=\"[vc_row bg_type=&#8220;bg_color&#8220;][vc_column width=&#8220;1\/2&#8243;][vc_single_image image=&#8220;121&#8243; img_size=&#8220;large&#8220;][\/vc_column][vc_column width=&#8220;1\/2&#8243;][vc_custom_heading text=&#8220;Angebot&#8220; font_container=&#8220;tag:h2|text_align:left|color:%23ff5323&#8243;][vc_column_text]Sie suchen eine individuelle musikalische Gestaltung f\u00fcr Ihre Feier? Dann sind Sie hier goldrichtig! Mit der passenden Musik k\u00f6nnen Sie die von Ihnen geplante Veranstaltung zu etwas ganz Besonderem machen. Mein breitgef\u00e4chertes Repertoire umfasst Musik aus den Bereichen Rock\/ Pop, Film, Musical, Tango und nat\u00fcrlich Klassik in verschiedenen&hellip;\" \/>\n<meta property=\"og:url\" content=\"https:\/\/pamelarachel-violine.de\/?page_id=69\" \/>\n<meta property=\"og:site_name\" content=\"Pamela Rachel Violine\" \/>\n<meta property=\"article:modified_time\" content=\"2020-08-07T13:43:08+00:00\" \/>\n<meta property=\"og:image\" content=\"https:\/\/pamelarachel-violine.de\/wp-content\/uploads\/2019\/07\/pr_aufmacher.png\" \/>\n\t<meta property=\"og:image:width\" content=\"1184\" \/>\n\t<meta property=\"og:image:height\" content=\"600\" \/>\n\t<meta property=\"og:image:type\" content=\"image\/png\" \/>\n<meta name=\"twitter:card\" content=\"summary_large_image\" \/>\n<meta name=\"twitter:label1\" content=\"Gesch\u00e4tzte Lesezeit\" \/>\n\t<meta name=\"twitter:data1\" content=\"1\u00a0Minute\" \/>\n<script type=\"application\/ld+json\" class=\"yoast-schema-graph\">{\"@context\":\"https:\\\/\\\/schema.org\",\"@graph\":[{\"@type\":\"WebPage\",\"@id\":\"https:\\\/\\\/pamelarachel-violine.de\\\/?page_id=69\",\"url\":\"https:\\\/\\\/pamelarachel-violine.de\\\/?page_id=69\",\"name\":\"Angebot - Pamela Rachel Violine\",\"isPartOf\":{\"@id\":\"https:\\\/\\\/pamelarachel-violine.de\\\/#website\"},\"datePublished\":\"2019-08-09T09:01:29+00:00\",\"dateModified\":\"2020-08-07T13:43:08+00:00\",\"breadcrumb\":{\"@id\":\"https:\\\/\\\/pamelarachel-violine.de\\\/?page_id=69#breadcrumb\"},\"inLanguage\":\"de\",\"potentialAction\":[{\"@type\":\"ReadAction\",\"target\":[\"https:\\\/\\\/pamelarachel-violine.de\\\/?page_id=69\"]}]},{\"@type\":\"BreadcrumbList\",\"@id\":\"https:\\\/\\\/pamelarachel-violine.de\\\/?page_id=69#breadcrumb\",\"itemListElement\":[{\"@type\":\"ListItem\",\"position\":1,\"name\":\"Startseite\",\"item\":\"https:\\\/\\\/pamelarachel-violine.de\\\/\"},{\"@type\":\"ListItem\",\"position\":2,\"name\":\"Angebot\"}]},{\"@type\":\"WebSite\",\"@id\":\"https:\\\/\\\/pamelarachel-violine.de\\\/#website\",\"url\":\"https:\\\/\\\/pamelarachel-violine.de\\\/\",\"name\":\"Pamela Rachel Violine\",\"description\":\"Livemusik\",\"potentialAction\":[{\"@type\":\"SearchAction\",\"target\":{\"@type\":\"EntryPoint\",\"urlTemplate\":\"https:\\\/\\\/pamelarachel-violine.de\\\/?s={search_term_string}\"},\"query-input\":{\"@type\":\"PropertyValueSpecification\",\"valueRequired\":true,\"valueName\":\"search_term_string\"}}],\"inLanguage\":\"de\"}]}<\/script>\n<!-- \/ Yoast SEO plugin. -->","yoast_head_json":{"title":"Angebot - Pamela Rachel Violine","robots":{"index":"index","follow":"follow","max-snippet":"max-snippet:-1","max-image-preview":"max-image-preview:large","max-video-preview":"max-video-preview:-1"},"canonical":"https:\/\/pamelarachel-violine.de\/?page_id=69","og_locale":"de_DE","og_type":"article","og_title":"Angebot - Pamela Rachel Violine","og_description":"[vc_row bg_type=&#8220;bg_color&#8220;][vc_column width=&#8220;1\/2&#8243;][vc_single_image image=&#8220;121&#8243; img_size=&#8220;large&#8220;][\/vc_column][vc_column width=&#8220;1\/2&#8243;][vc_custom_heading text=&#8220;Angebot&#8220; font_container=&#8220;tag:h2|text_align:left|color:%23ff5323&#8243;][vc_column_text]Sie suchen eine individuelle musikalische Gestaltung f\u00fcr Ihre Feier? Dann sind Sie hier goldrichtig! Mit der passenden Musik k\u00f6nnen Sie die von Ihnen geplante Veranstaltung zu etwas ganz Besonderem machen. Mein breitgef\u00e4chertes Repertoire umfasst Musik aus den Bereichen Rock\/ Pop, Film, Musical, Tango und nat\u00fcrlich Klassik in verschiedenen&hellip;","og_url":"https:\/\/pamelarachel-violine.de\/?page_id=69","og_site_name":"Pamela Rachel Violine","article_modified_time":"2020-08-07T13:43:08+00:00","og_image":[{"width":1184,"height":600,"url":"https:\/\/pamelarachel-violine.de\/wp-content\/uploads\/2019\/07\/pr_aufmacher.png","type":"image\/png"}],"twitter_card":"summary_large_image","twitter_misc":{"Gesch\u00e4tzte Lesezeit":"1\u00a0Minute"},"schema":{"@context":"https:\/\/schema.org","@graph":[{"@type":"WebPage","@id":"https:\/\/pamelarachel-violine.de\/?page_id=69","url":"https:\/\/pamelarachel-violine.de\/?page_id=69","name":"Angebot - Pamela Rachel Violine","isPartOf":{"@id":"https:\/\/pamelarachel-violine.de\/#website"},"datePublished":"2019-08-09T09:01:29+00:00","dateModified":"2020-08-07T13:43:08+00:00","breadcrumb":{"@id":"https:\/\/pamelarachel-violine.de\/?page_id=69#breadcrumb"},"inLanguage":"de","potentialAction":[{"@type":"ReadAction","target":["https:\/\/pamelarachel-violine.de\/?page_id=69"]}]},{"@type":"BreadcrumbList","@id":"https:\/\/pamelarachel-violine.de\/?page_id=69#breadcrumb","itemListElement":[{"@type":"ListItem","position":1,"name":"Startseite","item":"https:\/\/pamelarachel-violine.de\/"},{"@type":"ListItem","position":2,"name":"Angebot"}]},{"@type":"WebSite","@id":"https:\/\/pamelarachel-violine.de\/#website","url":"https:\/\/pamelarachel-violine.de\/","name":"Pamela Rachel Violine","description":"Livemusik","potentialAction":[{"@type":"SearchAction","target":{"@type":"EntryPoint","urlTemplate":"https:\/\/pamelarachel-violine.de\/?s={search_term_string}"},"query-input":{"@type":"PropertyValueSpecification","valueRequired":true,"valueName":"search_term_string"}}],"inLanguage":"de"}]}},"_links":{"self":[{"href":"https:\/\/pamelarachel-violine.de\/index.php?rest_route=\/wp\/v2\/pages\/69","targetHints":{"allow":["GET"]}}],"collection":[{"href":"https:\/\/pamelarachel-violine.de\/index.php?rest_route=\/wp\/v2\/pages"}],"about":[{"href":"https:\/\/pamelarachel-violine.de\/index.php?rest_route=\/wp\/v2\/types\/page"}],"author":[{"embeddable":true,"href":"https:\/\/pamelarachel-violine.de\/index.php?rest_route=\/wp\/v2\/users\/1"}],"replies":[{"embeddable":true,"href":"https:\/\/pamelarachel-violine.de\/index.php?rest_route=%2Fwp%2Fv2%2Fcomments&post=69"}],"version-history":[{"count":27,"href":"https:\/\/pamelarachel-violine.de\/index.php?rest_route=\/wp\/v2\/pages\/69\/revisions"}],"predecessor-version":[{"id":237,"href":"https:\/\/pamelarachel-violine.de\/index.php?rest_route=\/wp\/v2\/pages\/69\/revisions\/237"}],"wp:attachment":[{"href":"https:\/\/pamelarachel-violine.de\/index.php?rest_route=%2Fwp%2Fv2%2Fmedia&parent=69"}],"curies":[{"name":"wp","href":"https:\/\/api.w.org\/{rel}","templated":true}]}}