{"id":82,"date":"2019-08-09T10:02:34","date_gmt":"2019-08-09T10:02:34","guid":{"rendered":"http:\/\/pamelarachel-violine.de\/?page_id=82"},"modified":"2020-08-07T12:55:41","modified_gmt":"2020-08-07T12:55:41","slug":"ueber-mich","status":"publish","type":"page","link":"https:\/\/pamelarachel-violine.de\/?page_id=82","title":{"rendered":"\u00dcber mich"},"content":{"rendered":"<div class=\"wpb-content-wrapper\"><p>[vc_row][vc_column width=&#8220;1\/2&#8243;][vc_single_image image=&#8220;146&#8243; img_size=&#8220;large&#8220; style=&#8220;vc_box_shadow_border&#8220;][\/vc_column][vc_column width=&#8220;1\/2&#8243;][vc_custom_heading text=&#8220;\u00dcber mich&#8220; font_container=&#8220;tag:h2|text_align:left|color:%23ff5323&#8243;][vc_column_text]Schon als Kind hat es mich begeistert, Menschen mit Musik ein L\u00e4cheln ins Gesicht zu zaubern. Musik macht die Welt bunter und ver\u00e4ndert uns.<\/p>\n<p>Nach ersten musikalischen Erfahrungen mit Blockfl\u00f6te, Hackbrett und Klavier, habe ich schlie\u00dflich die Geige gefunden, deren emotionaler und facettenreicher Klang mich bis heute fasziniert.<\/p>\n<p>Zun\u00e4chst habe ich eine rein klassische Ausbildung genossen, aber schon bald den Farbenreichtum von Filmmusik, Musical, Rock\/ Popmusik mit der Violine entdeckt.<\/p>\n<p>Heute wohne ich in Augsburg, bin als freiberufliche Geigerin t\u00e4tig und lebe somit meinen gr\u00f6\u00dften Traum.<\/p>\n<p><strong>musikalische Ausbildung:<\/strong><\/p>\n<ul>\n<li style=\"list-style-type: none;\">\n<ul>\n<li>Studiengang Diplom Violine an den Musikhochschulen in Karlsruhe und W\u00fcrzburg<\/li>\n<li>1. und 2. Staatsexamen f\u00fcr Lehramt f\u00fcr Musik am Gymnasium in Bayern<\/li>\n<li>Meisterklasse Violine an der Musikhochschule W\u00fcrzburg<\/li>\n<li>zahlreiche Meisterkurse: u.a. bei Voces- Quartett, Melos- Quartett, Florian Meierott, Antonio Spiller, Roman Nodel<\/li>\n<\/ul>\n<\/li>\n<\/ul>\n<p><strong>musikalische T\u00e4tigkeiten:<\/strong><\/p>\n<ul>\n<li style=\"list-style-type: none;\">\n<ul>\n<li>diverse Aushilfs- und Praktikumsvertr\u00e4ge in Profiorchestern (St\u00e4dtetheater Passau, Theater Regensburg, Staatstheater Kassel, Aalto-Theater Essen)<\/li>\n<li>1997- 2017 Dozentin des Schw\u00e4bischen Jugendsinfonieorchesters<\/li>\n<li>Violine bei Musicalproduktionen (\u201eDie Sch\u00f6ne und das Biest\u201c und \u201eTanz der Vampire\u201c im Stage Metronom Theater Oberhausen, \u201ePhantom der Oper\u201cim Colosseum Theater Essen)<\/li>\n<li>Tanzbands<\/li>\n<li>Mitwirkung in TV- Produktionen: z.B: Musical Showstar, ZDF<\/li>\n<li>seit 2014 Violine bei <a href=\"https:\/\/lafinesse-quartett.de\" target=\"_blank\" rel=\"noopener noreferrer\">La Finesse<\/a><\/li>\n<li>Mitglied bei <a href=\"https:\/\/www.youtube.com\/channel\/UC3VKmTCVO6Epl44acFTLZAA\" target=\"_blank\" rel=\"noopener noreferrer\">Big Noise Orchestra<\/a> seit 2019<\/li>\n<li><a href=\"https:\/\/www.kultur-vor-dem-fenster.de\/augsburg\/\" target=\"_blank\" rel=\"noopener noreferrer\">Kultur vor dem Fenster<\/a>, Augsburg<\/li>\n<li>umfangreiche Erfahrung in der Gestaltung von Hochzeiten, Trauerfeiern, Konzerten etc. durch meine langj\u00e4hrige T\u00e4tigkeit als freiberufliche Musikerin<\/li>\n<\/ul>\n<\/li>\n<\/ul>\n<p>[\/vc_column_text][\/vc_column][\/vc_row][vc_row][vc_column][vc_column_text]<\/p>\n<p>[\/vc_column_text][\/vc_column][\/vc_row][vc_row][vc_column][vc_column_text]<\/p>\n<p>[\/vc_column_text][\/vc_column][\/vc_row]<\/p>\n<\/div>","protected":false},"excerpt":{"rendered":"<p>[vc_row][vc_column width=&#8220;1\/2&#8243;][vc_single_image image=&#8220;146&#8243; img_size=&#8220;large&#8220; style=&#8220;vc_box_shadow_border&#8220;][\/vc_column][vc_column width=&#8220;1\/2&#8243;][vc_custom_heading text=&#8220;\u00dcber mich&#8220; font_container=&#8220;tag:h2|text_align:left|color:%23ff5323&#8243;][vc_column_text]Schon als Kind hat es mich begeistert, Menschen mit Musik ein L\u00e4cheln ins Gesicht zu zaubern. Musik macht die Welt bunter und ver\u00e4ndert uns. Nach ersten musikalischen Erfahrungen mit Blockfl\u00f6te, Hackbrett und Klavier, habe ich schlie\u00dflich die Geige gefunden, deren emotionaler und facettenreicher Klang mich bis heute&hellip;<\/p>\n","protected":false},"author":1,"featured_media":0,"parent":0,"menu_order":0,"comment_status":"closed","ping_status":"closed","template":"","meta":{"footnotes":""},"class_list":["post-82","page","type-page","status-publish","hentry","description-off"],"yoast_head":"<!-- This site is optimized with the Yoast SEO plugin v27.5 - https:\/\/yoast.com\/product\/yoast-seo-wordpress\/ -->\n<title>\u00dcber mich - Pamela Rachel Violine<\/title>\n<meta name=\"robots\" content=\"index, follow, max-snippet:-1, max-image-preview:large, max-video-preview:-1\" \/>\n<link rel=\"canonical\" href=\"https:\/\/pamelarachel-violine.de\/?page_id=82\" \/>\n<meta property=\"og:locale\" content=\"de_DE\" \/>\n<meta property=\"og:type\" content=\"article\" \/>\n<meta property=\"og:title\" content=\"\u00dcber mich - Pamela Rachel Violine\" \/>\n<meta property=\"og:description\" content=\"[vc_row][vc_column width=&#8220;1\/2&#8243;][vc_single_image image=&#8220;146&#8243; img_size=&#8220;large&#8220; style=&#8220;vc_box_shadow_border&#8220;][\/vc_column][vc_column width=&#8220;1\/2&#8243;][vc_custom_heading text=&#8220;\u00dcber mich&#8220; font_container=&#8220;tag:h2|text_align:left|color:%23ff5323&#8243;][vc_column_text]Schon als Kind hat es mich begeistert, Menschen mit Musik ein L\u00e4cheln ins Gesicht zu zaubern. Musik macht die Welt bunter und ver\u00e4ndert uns. Nach ersten musikalischen Erfahrungen mit Blockfl\u00f6te, Hackbrett und Klavier, habe ich schlie\u00dflich die Geige gefunden, deren emotionaler und facettenreicher Klang mich bis heute&hellip;\" \/>\n<meta property=\"og:url\" content=\"https:\/\/pamelarachel-violine.de\/?page_id=82\" \/>\n<meta property=\"og:site_name\" content=\"Pamela Rachel Violine\" \/>\n<meta property=\"article:modified_time\" content=\"2020-08-07T12:55:41+00:00\" \/>\n<meta property=\"og:image\" content=\"https:\/\/pamelarachel-violine.de\/wp-content\/uploads\/2019\/07\/pr_aufmacher.png\" \/>\n\t<meta property=\"og:image:width\" content=\"1184\" \/>\n\t<meta property=\"og:image:height\" content=\"600\" \/>\n\t<meta property=\"og:image:type\" content=\"image\/png\" \/>\n<meta name=\"twitter:card\" content=\"summary_large_image\" \/>\n<meta name=\"twitter:label1\" content=\"Gesch\u00e4tzte Lesezeit\" \/>\n\t<meta name=\"twitter:data1\" content=\"2\u00a0Minuten\" \/>\n<script type=\"application\/ld+json\" class=\"yoast-schema-graph\">{\"@context\":\"https:\\\/\\\/schema.org\",\"@graph\":[{\"@type\":\"WebPage\",\"@id\":\"https:\\\/\\\/pamelarachel-violine.de\\\/?page_id=82\",\"url\":\"https:\\\/\\\/pamelarachel-violine.de\\\/?page_id=82\",\"name\":\"\u00dcber mich - Pamela Rachel Violine\",\"isPartOf\":{\"@id\":\"https:\\\/\\\/pamelarachel-violine.de\\\/#website\"},\"datePublished\":\"2019-08-09T10:02:34+00:00\",\"dateModified\":\"2020-08-07T12:55:41+00:00\",\"breadcrumb\":{\"@id\":\"https:\\\/\\\/pamelarachel-violine.de\\\/?page_id=82#breadcrumb\"},\"inLanguage\":\"de\",\"potentialAction\":[{\"@type\":\"ReadAction\",\"target\":[\"https:\\\/\\\/pamelarachel-violine.de\\\/?page_id=82\"]}]},{\"@type\":\"BreadcrumbList\",\"@id\":\"https:\\\/\\\/pamelarachel-violine.de\\\/?page_id=82#breadcrumb\",\"itemListElement\":[{\"@type\":\"ListItem\",\"position\":1,\"name\":\"Startseite\",\"item\":\"https:\\\/\\\/pamelarachel-violine.de\\\/\"},{\"@type\":\"ListItem\",\"position\":2,\"name\":\"\u00dcber mich\"}]},{\"@type\":\"WebSite\",\"@id\":\"https:\\\/\\\/pamelarachel-violine.de\\\/#website\",\"url\":\"https:\\\/\\\/pamelarachel-violine.de\\\/\",\"name\":\"Pamela Rachel Violine\",\"description\":\"Livemusik\",\"potentialAction\":[{\"@type\":\"SearchAction\",\"target\":{\"@type\":\"EntryPoint\",\"urlTemplate\":\"https:\\\/\\\/pamelarachel-violine.de\\\/?s={search_term_string}\"},\"query-input\":{\"@type\":\"PropertyValueSpecification\",\"valueRequired\":true,\"valueName\":\"search_term_string\"}}],\"inLanguage\":\"de\"}]}<\/script>\n<!-- \/ Yoast SEO plugin. -->","yoast_head_json":{"title":"\u00dcber mich - Pamela Rachel Violine","robots":{"index":"index","follow":"follow","max-snippet":"max-snippet:-1","max-image-preview":"max-image-preview:large","max-video-preview":"max-video-preview:-1"},"canonical":"https:\/\/pamelarachel-violine.de\/?page_id=82","og_locale":"de_DE","og_type":"article","og_title":"\u00dcber mich - Pamela Rachel Violine","og_description":"[vc_row][vc_column width=&#8220;1\/2&#8243;][vc_single_image image=&#8220;146&#8243; img_size=&#8220;large&#8220; style=&#8220;vc_box_shadow_border&#8220;][\/vc_column][vc_column width=&#8220;1\/2&#8243;][vc_custom_heading text=&#8220;\u00dcber mich&#8220; font_container=&#8220;tag:h2|text_align:left|color:%23ff5323&#8243;][vc_column_text]Schon als Kind hat es mich begeistert, Menschen mit Musik ein L\u00e4cheln ins Gesicht zu zaubern. Musik macht die Welt bunter und ver\u00e4ndert uns. Nach ersten musikalischen Erfahrungen mit Blockfl\u00f6te, Hackbrett und Klavier, habe ich schlie\u00dflich die Geige gefunden, deren emotionaler und facettenreicher Klang mich bis heute&hellip;","og_url":"https:\/\/pamelarachel-violine.de\/?page_id=82","og_site_name":"Pamela Rachel Violine","article_modified_time":"2020-08-07T12:55:41+00:00","og_image":[{"width":1184,"height":600,"url":"https:\/\/pamelarachel-violine.de\/wp-content\/uploads\/2019\/07\/pr_aufmacher.png","type":"image\/png"}],"twitter_card":"summary_large_image","twitter_misc":{"Gesch\u00e4tzte Lesezeit":"2\u00a0Minuten"},"schema":{"@context":"https:\/\/schema.org","@graph":[{"@type":"WebPage","@id":"https:\/\/pamelarachel-violine.de\/?page_id=82","url":"https:\/\/pamelarachel-violine.de\/?page_id=82","name":"\u00dcber mich - Pamela Rachel Violine","isPartOf":{"@id":"https:\/\/pamelarachel-violine.de\/#website"},"datePublished":"2019-08-09T10:02:34+00:00","dateModified":"2020-08-07T12:55:41+00:00","breadcrumb":{"@id":"https:\/\/pamelarachel-violine.de\/?page_id=82#breadcrumb"},"inLanguage":"de","potentialAction":[{"@type":"ReadAction","target":["https:\/\/pamelarachel-violine.de\/?page_id=82"]}]},{"@type":"BreadcrumbList","@id":"https:\/\/pamelarachel-violine.de\/?page_id=82#breadcrumb","itemListElement":[{"@type":"ListItem","position":1,"name":"Startseite","item":"https:\/\/pamelarachel-violine.de\/"},{"@type":"ListItem","position":2,"name":"\u00dcber mich"}]},{"@type":"WebSite","@id":"https:\/\/pamelarachel-violine.de\/#website","url":"https:\/\/pamelarachel-violine.de\/","name":"Pamela Rachel Violine","description":"Livemusik","potentialAction":[{"@type":"SearchAction","target":{"@type":"EntryPoint","urlTemplate":"https:\/\/pamelarachel-violine.de\/?s={search_term_string}"},"query-input":{"@type":"PropertyValueSpecification","valueRequired":true,"valueName":"search_term_string"}}],"inLanguage":"de"}]}},"_links":{"self":[{"href":"https:\/\/pamelarachel-violine.de\/index.php?rest_route=\/wp\/v2\/pages\/82","targetHints":{"allow":["GET"]}}],"collection":[{"href":"https:\/\/pamelarachel-violine.de\/index.php?rest_route=\/wp\/v2\/pages"}],"about":[{"href":"https:\/\/pamelarachel-violine.de\/index.php?rest_route=\/wp\/v2\/types\/page"}],"author":[{"embeddable":true,"href":"https:\/\/pamelarachel-violine.de\/index.php?rest_route=\/wp\/v2\/users\/1"}],"replies":[{"embeddable":true,"href":"https:\/\/pamelarachel-violine.de\/index.php?rest_route=%2Fwp%2Fv2%2Fcomments&post=82"}],"version-history":[{"count":18,"href":"https:\/\/pamelarachel-violine.de\/index.php?rest_route=\/wp\/v2\/pages\/82\/revisions"}],"predecessor-version":[{"id":228,"href":"https:\/\/pamelarachel-violine.de\/index.php?rest_route=\/wp\/v2\/pages\/82\/revisions\/228"}],"wp:attachment":[{"href":"https:\/\/pamelarachel-violine.de\/index.php?rest_route=%2Fwp%2Fv2%2Fmedia&parent=82"}],"curies":[{"name":"wp","href":"https:\/\/api.w.org\/{rel}","templated":true}]}}